{"id":2047,"date":"2021-06-04T08:29:29","date_gmt":"2021-06-04T12:29:29","guid":{"rendered":"https:\/\/c21staging.id-3.net\/?page_id=2047"},"modified":"2021-09-07T14:04:46","modified_gmt":"2021-09-07T18:04:46","slug":"office-details","status":"publish","type":"page","link":"https:\/\/quebec.c21.ca\/en\/office-details\/","title":{"rendered":"Office details"},"content":{"rendered":"\t\t<div data-elementor-type=\"wp-page\" data-elementor-id=\"2047\" class=\"elementor elementor-2047\" data-elementor-post-type=\"page\">\n\t\t\t\t\t\t\t\t\t<section class=\"elementor-section elementor-top-section elementor-element elementor-element-ca2c058 elementor-section-boxed elementor-section-height-default elementor-section-height-default\" data-id=\"ca2c058\" data-element_type=\"section\" data-settings=\"{&quot;background_background&quot;:&quot;classic&quot;}\">\n\t\t\t\t\t\t<div class=\"elementor-container elementor-column-gap-no\">\n\t\t\t\t\t<div class=\"elementor-column elementor-col-100 elementor-top-column elementor-element elementor-element-2a6a3f9\" data-id=\"2a6a3f9\" data-element_type=\"column\">\n\t\t\t<div class=\"elementor-widget-wrap elementor-element-populated\">\n\t\t\t\t\t\t\t\t<div class=\"elementor-element elementor-element-dc04091 elementor-widget-divider--view-line elementor-invisible elementor-widget elementor-widget-divider\" data-id=\"dc04091\" data-element_type=\"widget\" data-settings=\"{&quot;_animation&quot;:&quot;slideInRight&quot;}\" data-widget_type=\"divider.default\">\n\t\t\t\t<div class=\"elementor-widget-container\">\n\t\t\t\t\t<div class=\"elementor-divider\">\n\t\t\t<span class=\"elementor-divider-separator\">\n\t\t\t\t\t\t<\/span>\n\t\t<\/div>\n\t\t\t\t<\/div>\n\t\t\t\t<\/div>\n\t\t\t\t<section class=\"elementor-section elementor-inner-section elementor-element elementor-element-d5af5ae elementor-section-content-middle elementor-section-boxed elementor-section-height-default elementor-section-height-default\" data-id=\"d5af5ae\" data-element_type=\"section\">\n\t\t\t\t\t\t<div class=\"elementor-container elementor-column-gap-no\">\n\t\t\t\t\t<div class=\"elementor-column elementor-col-100 elementor-inner-column elementor-element elementor-element-f4e8e5f\" data-id=\"f4e8e5f\" data-element_type=\"column\">\n\t\t\t<div class=\"elementor-widget-wrap elementor-element-populated\">\n\t\t\t\t\t\t\t\t<div class=\"elementor-element elementor-element-cf316cd elementor-widget__width-auto elementor-invisible elementor-widget elementor-widget-text-editor\" data-id=\"cf316cd\" data-element_type=\"widget\" data-settings=\"{&quot;_animation&quot;:&quot;fadeInUp&quot;}\" data-widget_type=\"text-editor.default\">\n\t\t\t\t<div class=\"elementor-widget-container\">\n\t\t\t\t\t\t\t\t\t\t\t\t\t<\/div>\n\t\t\t\t<\/div>\n\t\t\t\t\t<\/div>\n\t\t<\/div>\n\t\t\t\t\t\t\t<\/div>\n\t\t<\/section>\n\t\t\t\t\t<\/div>\n\t\t<\/div>\n\t\t\t\t\t\t\t<\/div>\n\t\t<\/section>\n\t\t\t\t<section class=\"elementor-section elementor-top-section elementor-element elementor-element-41d0678 elementor-section-boxed elementor-section-height-default elementor-section-height-default\" data-id=\"41d0678\" data-element_type=\"section\" ng-controller=\"singleOfficeCtrl\" ng-init=\"init(&#039;&#039;,true,&#039;Loading office&#039;,true)\">\n\t\t\t\t\t\t<div class=\"elementor-container elementor-column-gap-default\">\n\t\t\t\t\t<div class=\"elementor-column elementor-col-100 elementor-top-column elementor-element elementor-element-2c5d8ba\" data-id=\"2c5d8ba\" data-element_type=\"column\">\n\t\t\t<div class=\"elementor-widget-wrap elementor-element-populated\">\n\t\t\t\t\t\t\t\t<section class=\"elementor-section elementor-inner-section elementor-element elementor-element-53654a5 elementor-section-boxed elementor-section-height-default elementor-section-height-default\" data-id=\"53654a5\" data-element_type=\"section\">\n\t\t\t\t\t\t<div class=\"elementor-container elementor-column-gap-default\">\n\t\t\t\t\t<div class=\"elementor-column elementor-col-50 elementor-inner-column elementor-element elementor-element-774f8c1\" data-id=\"774f8c1\" data-element_type=\"column\">\n\t\t\t<div class=\"elementor-widget-wrap elementor-element-populated\">\n\t\t\t\t\t\t\t\t<div class=\"elementor-element elementor-element-166f569 elementor-widget elementor-widget-si_single_part\" data-id=\"166f569\" data-element_type=\"widget\" data-widget_type=\"si_single_part.default\">\n\t\t\t\t<div class=\"elementor-widget-container\">\n\t\t\t<div class=\"si-part si- si-part-address si si-part si-part-elementor si-part-address  si-allowed-elementor-typography\" ><div class=\"si-address si-apply-typography\">\r\n    <div class=\"si-info-content\">\r\n        <div itemprop=\"streetAddress\">{{model.location.street_address}}<\/div> \r\n        <span itemprop=\"city\">{{model.location.city}}<\/span>, <span>{{model.location.state}}<\/span>, <span>{{model.location.address.postal_code}}<\/span>\r\n    <\/div>\r\n<\/div><\/div>\t\t<\/div>\n\t\t\t\t<\/div>\n\t\t\t\t<div class=\"elementor-element elementor-element-78312d0 elementor-widget elementor-widget-si_single_part\" data-id=\"78312d0\" data-element_type=\"widget\" data-widget_type=\"si_single_part.default\">\n\t\t\t\t<div class=\"elementor-widget-container\">\n\t\t\t<div class=\"si-part si- si-part-links si si-part si-part-elementor si-part-links \" ><div class=\"si-detail-section link\">\r\n    <div class=\"si-link-list si-apply-typography\" ng-if=\"model.links.socials.length > 0\">\r\n        <div class=\"si-item\" data-ng-repeat=\"linkItem in model.links.socials\">\r\n            <a href=\"{{linkItem.url}}\" target=\"_blank\"><si-icon>{{linkItem.type}}<\/si-icon><\/a>\r\n        <\/div>\r\n    <\/div>\r\n    <div class=\"si-website\" ng-if=\"model.links.website\">\r\n        <a href=\"{{model.links.website}}\" target=\"_blank\">{{'Website'.siTranslate()}} <si-icon>external-link<\/si-icon><\/a>\r\n    <\/div>\r\n<\/div><\/div>\t\t<\/div>\n\t\t\t\t<\/div>\n\t\t\t\t\t<\/div>\n\t\t<\/div>\n\t\t\t\t<div class=\"elementor-column elementor-col-50 elementor-inner-column elementor-element elementor-element-2909e41\" data-id=\"2909e41\" data-element_type=\"column\">\n\t\t\t<div class=\"elementor-widget-wrap elementor-element-populated\">\n\t\t\t\t\t\t\t\t<div class=\"elementor-element elementor-element-a710293 elementor-widget elementor-widget-si_single_part\" data-id=\"a710293\" data-element_type=\"widget\" data-widget_type=\"si_single_part.default\">\n\t\t\t\t<div class=\"elementor-widget-container\">\n\t\t\t<div class=\"si-part si-align-center-end align-center-end-phone si-part-contact si si-part si-part-elementor si-part-contact align-center-end align-center-end-mobile si-allowed-elementor-typography\" ><div class=\"si-contact\">\r\n\r\n    <div class=\"actions\" ng-if=\"model.email\">\r\n        <div class=\"si-part si-align-center si-part-info-request si-prevent-typography\" ><div class=\"si-part si-align-center si-part-info-request-button \" ><button type=\"button\" \r\n    class=\"si-button si-modal-trigger\" ng-disabled=\"request_sent === true\"\r\n    data-target=\"information_request\"> \r\n    <span ng-show=\"request_sent == undefined\"><si-icon>envelope<\/si-icon> <span>Send a message<\/span><\/span>\r\n    <span ng-show=\"request_sent === true\">Thank you<\/span>\r\n<\/button><\/div>\r\n<div class=\"si-part si-align-center si-part-info-request-modal \" >\r\n<si-modal \r\n    data-modal-id=\"information_request\" \r\n    data-modal-title=\"{{'Message for {0}'.siTranslate().siFormat(model.name)}}\"\r\n    data-ok-label=\"Send\"\r\n        data-on-ok=\"sendMessage()\"\r\n    data-on-validate=\"validateMessage($model)\">\r\n    \r\n    <div class=\"si-part si-align-center si-part-info-request-form \" >\r\n<div class=\"info-request form basic\">\r\n        <form name=\"requestForm\">\r\n        <div class=\"firstname input-container\">\r\n            <label>First name<\/label>\r\n            <div class=\"input\">\r\n                <input type=\"text\" data-ng-model=\"message_model.firstname\" required \/>\r\n            <\/div>\r\n        <\/div>\r\n\r\n        <div class=\"lastname input-container\">\r\n            <label>Last name<\/label>\r\n            <div class=\"input\" >\r\n                <input type=\"text\" data-ng-model=\"message_model.lastname\" required \/>\r\n            <\/div>\r\n        <\/div>\r\n\r\n        <div class=\"phone input-container\">\r\n            <label>Phone<\/label>\r\n            <div class=\"input\">\r\n                <input type=\"text\" data-ng-model=\"message_model.phone\" required \/>\r\n            <\/div>\r\n        <\/div>\r\n\r\n        <div class=\"email input-container\">\r\n            <label>Email<\/label>\r\n            <div class=\"input\">\r\n                <input type=\"email\" data-ng-model=\"message_model.email\" required \/>\r\n            <\/div>\r\n        <\/div>\r\n\r\n        <div class=\"subject input-container\">\r\n            <label>Subject<\/label>\r\n            <div class=\"input\">\r\n                <input type=\"text\" data-ng-model=\"message_model.subject\" required \/>\r\n            <\/div>\r\n        <\/div>\r\n\r\n        <div class=\"message input-container\">\r\n            <label>Message<\/label>\r\n            <div class=\"input\">\r\n                <textarea rows=\"5\" data-ng-model=\"message_model.message\"><\/textarea>\r\n            <\/div>\r\n        <\/div>\r\n    <\/form>\r\n    <\/div><\/div>    \r\n<\/si-modal><\/div><\/div>    <\/div>    \r\n\r\n    <div class=\"si-phone-list si-apply-typography\">\r\n        <div class=\"si-item si-phone-type-{{key}}\" data-ng-repeat=\"(key,phone) in model.phones\" ng-if=\"phone != ''\">\r\n            <a href=\"tel:{{phone}}\"><i class=\"si-icon fal fa-fw fa-{{getPhoneIcon(key)}}\"><\/i> <span class=\"si-prefix\">{{key.siHumanize().replace('Office t','T').siTranslate()}}:<\/span> <span class=\"si-label\">{{phone}}<\/span><\/a>\r\n        <\/div>\r\n    <\/div>\r\n    \r\n<\/div><\/div>\t\t<\/div>\n\t\t\t\t<\/div>\n\t\t\t\t\t<\/div>\n\t\t<\/div>\n\t\t\t\t\t\t\t<\/div>\n\t\t<\/section>\n\t\t\t\t<div class=\"elementor-element elementor-element-bdb9fa1 elementor-widget elementor-widget-si_single_part\" data-id=\"bdb9fa1\" data-element_type=\"widget\" data-widget_type=\"si_single_part.default\">\n\t\t\t\t<div class=\"elementor-widget-container\">\n\t\t\t<div class=\"si-part si- si-part-tabs si si-part si-part-elementor si-part-tabs \" ><si-tabs class=\"si-office-list-tabs\">\r\n    <si-tab>\r\n        <si-tab-label>Our listings<\/si-tab-label>\r\n        <si-tab-content si-element=\".listing-list\"><\/si-tab-content>\r\n    <\/si-tab>\r\n    <si-tab>\r\n        <si-tab-label>Our team<\/si-tab-label>\r\n        <si-tab-content si-element=\".broker-list\"><\/si-tab-content>\r\n    <\/si-tab>\r\n<\/si-tabs><\/div>\t\t<\/div>\n\t\t\t\t<\/div>\n\t\t\t\t<div class=\"elementor-element elementor-element-5fd5ec8 elementor-widget elementor-widget-si_single_part\" data-id=\"5fd5ec8\" data-element_type=\"widget\" data-widget_type=\"si_single_part.default\">\n\t\t\t\t<div class=\"elementor-widget-container\">\n\t\t\t<div class=\"si-part si- si-part-listings si si-part si-part-elementor si-part-listings \" >        <script type=\"text\/json\" id=\"si-configs-for-listings-small-list\">\r\n            false        <\/script>\r\n\r\n        <si-small-list class=\"listing-list si-list-of-listings\"\r\n                si-options='{show_header:true,filter:{max_item_count:\"0\",sort_fields:\"\"},columns:{desktop:3,laptop:3}}'\r\n                                si-type=\"listings\" si-filters=\"{field:'offices_ref_numbers', operator : 'array_contains', value: ''}\" ><\/si-small-list>\r\n        <script type=\"text\/ng-template\" id=\"si-template-for-listings\" layout=\"small\"><article class=\"si-item si-listing-item  si-single-layer-item-layout style-standard si-border  {{getClassList(item)}}\"  \r\n    data-ng-cloak>\r\n    <a href=\"{{item.permalink}}\">\r\n        <div class=\"si-item-content\">\r\n            <div class=\"si-layer-container\">\r\n            <div class=\"si-layer si-main-layer\" style=\"\"><div class=\"si-layer-content\"><div class=\"si-label-group si-background-high-contrast si-padding\" si-anchor-to=\"si-float-anchor\" style=\"--items-count:2\"><div class=\"si-label si-address si-text-truncate si-text-upper notranslate\" si-anchor-to=\"si-float-anchor\">{{item.location.civic_address}}<\/div><div class=\"si-label si-city si-text-truncate notranslate\" si-anchor-to=\"si-float-anchor\">{{item.location.city}}<\/div><\/div>      <div si-lazy-load class=\"si-image si-lazy-loading si-float-anchor\" >\r\n          <img data-si-src=\"{{item.photo_url}}\" data-si-error-src=\"~\/styles\/assets\/shadow_listing.jpg\" data-si-srcset=\"{{item.photo_url}}\" data-si-quality-preference=\"\" \/>\r\n      <\/div>         \r\n      <div class=\"si-label si-background-small-contrast si-padding si-big-emphasis si-price\" ng-bind-html=\"formatPrice(item)\" si-anchor-to=\"si-float-anchor\">&nbsp;<\/div><div class=\"si-label si-background-small-contrast si-padding si-big-emphasis si-price-sold\" ng-bind-html=\"formatPrice(item)\" si-anchor-to=\"si-float-anchor\">&nbsp;<\/div><div class=\"si-label-group si-padding\" si-anchor-to=\"si-float-anchor\" style=\"--items-count:3\"><div class=\"si-label si-font-emphasis si-category \" si-anchor-to=\"si-float-anchor\">{{item.category}}<\/div><div class=\"si-label si-text-truncate si-subcategory \" si-anchor-to=\"si-float-anchor\">{{item.subcategory}}<\/div><div class=\"si-label \" si-anchor-to=\"si-float-anchor\"><div class=\"si-rooms\"><div class=\"si-room {{icon}}\" ng-repeat=\"(icon,room) in item.counters.rooms\"><si-icon>{{icon}}<\/si-icon> <span class=\"si-count\">{{room.count}}<\/span> <span class=\"si-label\">{{room.label.siTranslate()}}<\/span><\/div><\/div><\/div><\/div>      <div class=\"si-label si-open-houses si-background-highlight si-padding si-big-emphasis si-float-bottom\" si-anchor-to=\"si-float-anchor\" si-hide-empty=\"hard\" si-hide-empty=\"hard\">\r\n          <div class=\"si-open-house-item\">\r\n              <si-icon>calendar-alt<\/si-icon> <span>{{'Open house'.siTranslate()}}<\/span> <span am-time-ago=\"item.open_houses[0].start_date\"><\/span>\r\n          <\/div>\r\n      <\/div>\r\n            <div class=\"si-flags si-float-top-right si-padding si-padding-size-slim si-padding si-padding-size-slim\" si-anchor-to=\"si-float-anchor\" si-hide-empty=\"hard\">\r\n          <div class=\"si-flag si-video\"><si-icon title=\"{{'Video'.siTranslate()}}\">video<\/si-icon> <span class=\"si-label\">{{'Video'.siTranslate()}}<\/span><\/div>\r\n          <div class=\"si-flag si-virtual-tour\"><si-icon title=\"{{'Virtual tour'.siTranslate()}}\">vr-cardboard<\/si-icon> <span class=\"si-label\">{{'Virtual tour'.siTranslate()}}<\/span><\/div>\r\n          <div class=\"si-flag si-new-item\"><si-icon title=\"{{'New'.siTranslate()}}\">star<\/si-icon> <span class=\"si-label\">{{'New'.siTranslate()}}<\/span><\/div>\r\n      <\/div>\r\n      <\/div><\/div>                \r\n        <\/div>\r\n    <\/a>\r\n<\/article>\r\n<\/script><\/div>\t\t<\/div>\n\t\t\t\t<\/div>\n\t\t\t\t<div class=\"elementor-element elementor-element-499a809 elementor-widget elementor-widget-si_single_part\" data-id=\"499a809\" data-element_type=\"widget\" data-widget_type=\"si_single_part.default\">\n\t\t\t\t<div class=\"elementor-widget-container\">\n\t\t\t<div class=\"si-part si- si-part-brokers si si-part si-part-elementor si-part-brokers \" >        <script type=\"text\/json\" id=\"si-configs-for-brokers-small-list\">\r\n            false        <\/script>\r\n\r\n        <si-small-list class=\"broker-list si-list-of-brokers\"\r\n                si-options='{show_header:true,filter:{max_item_count:\"0\",sort_fields:\"\"},columns:{desktop:4,laptop:3}}'\r\n                                si-type=\"brokers\" si-filters=\"{field:'office_ref_number', operator : 'equal', value: ''}\" ><\/si-small-list>\r\n        <script type=\"text\/ng-template\" id=\"si-template-for-brokers\" layout=\"small\"><article class=\"si-item si-broker-item si-single-layer-item-layout si-background\r\n         {{getClassList(item)}}\" \r\n        data-ng-cloak\r\n    >\r\n    <a href=\"{{item.permalink}}\">\r\n        <div class=\"si-item-content\">\r\n            <div class=\"si-layer-container\">\r\n                <div class=\"si-layer si-main-layer\" style=\"\"><div class=\"si-layer-content\">      <div si-lazy-load class=\"si-image si-lazy-loading si-float-anchor\" >\r\n          <img data-si-src=\"{{item.photo_url}}\" data-si-error-src=\"~\/styles\/assets\/shadow_broker.jpg\" data-si-srcset=\"{{item.photo_url}}\" data-si-quality-preference=\"\" \/>\r\n      <\/div>         \r\n      <div class=\"si-label-group si-background-high-contrast si-padding si-text-align-center\" si-anchor-to=\"si-float-anchor\" style=\"--items-count:3\"><div class=\"si-label si-text-truncate si-text-upper notranslate si-first-name \" si-anchor-to=\"si-float-anchor\">{{item.first_name}}<\/div><div class=\"si-label si-text-truncate si-font-emphasis si-text-upper notranslate si-last-name \" si-anchor-to=\"si-float-anchor\">{{item.last_name}}<\/div><div class=\"si-label title si-text-small si-text-truncate\" si-anchor-to=\"si-float-anchor\">{{item.title || item.license_type | siApplyGenre: item.ref_number: item.genre | siBrokerTitle: item.ref_number}}<\/div><\/div><div class=\"si-label si-phone si-padding si-big-emphasis si-text-align-center\" si-anchor-to=\"si-float-anchor\" si-scope-href=\"tel:{{item.phones.mobile || item.phones.office}}\"><si-icon>phone<\/si-icon> <span class=\"si-prefix\">mobile<\/span> <span class=\"si-label\">{{item.phones.mobile || item.phones.office}}<\/span><\/div><\/div><\/div>            <\/div>\r\n        <\/div>\r\n    <\/a>\r\n<\/article>\r\n\r\n<!-- \r\n<article class=\"si-item si-broker-item si-small-item-layout\r\n                     {{getClassList(item)}}\" \r\n        data-ng-cloak\r\n    >\r\n    <a href=\"{{item.permalink}}\">\r\n        <div class=\"item-content\">\r\n            <div class=\"image  si-lazy-loading\"><img data-ng-if=\"item.photo_url\" data-si-src=\"{{item.photo_url}}\" \/><\/div>\r\n            <div class=\"si-data-label si-background-high-contrast notranslate first-name\">{{item.first_name}}<\/div> \r\n            <div class=\"si-data-label si-background-high-contrast notranslate last-name\">{{item.last_name}}<\/div>\r\n            \r\n            <div class=\"si-data-label title\" title=\"{{item.license_type.length > 40 ? item.license_type : ''}}\">{{item.license_type}}<\/div>\r\n        <\/div>\r\n    <\/a>\r\n<\/article> --><\/script><\/div>\t\t<\/div>\n\t\t\t\t<\/div>\n\t\t\t\t\t<\/div>\n\t\t<\/div>\n\t\t\t\t\t\t\t<\/div>\n\t\t<\/section>\n\t\t\t\t\t\t\t<\/div>\n\t\t","protected":false},"excerpt":{"rendered":"<p>2430 rue Smith, Grandville State, Country Single item part address Follow on Website Single item part links Envoyer un message 514.555.2100 Single item part contact Nos propri\u00e9t\u00e9s Notre \u00e9quipe Single item part tabs 5 propri\u00e9t\u00e9s 1223 Rue Charbonneau&nbsp; Smallville 549 000 $ R\u00e9sidentiel Condo 3 Bedrooms 2 Bathrooms 1 Powder room Visite libre 1045 rang [&hellip;]<\/p>\n","protected":false},"author":1,"featured_media":0,"parent":0,"menu_order":0,"comment_status":"closed","ping_status":"closed","template":"elementor_header_footer","meta":{"footnotes":""},"yoast_head":"<!-- This site is optimized with the Yoast SEO plugin v21.9 - https:\/\/yoast.com\/wordpress\/plugins\/seo\/ -->\n<title>Office details - Century 21 Qu\u00e9bec<\/title>\n<meta name=\"robots\" content=\"index, follow, max-snippet:-1, max-image-preview:large, max-video-preview:-1\" \/>\n<link rel=\"canonical\" href=\"https:\/\/quebec.c21.ca\/en\/office-details\/\" \/>\n<meta property=\"og:locale\" content=\"en_US\" \/>\n<meta property=\"og:type\" content=\"article\" \/>\n<meta property=\"og:title\" content=\"Office details - Century 21 Qu\u00e9bec\" \/>\n<meta property=\"og:description\" content=\"2430 rue Smith, Grandville State, Country Single item part address Follow on Website Single item part links Envoyer un message 514.555.2100 Single item part contact Nos propri\u00e9t\u00e9s Notre \u00e9quipe Single item part tabs 5 propri\u00e9t\u00e9s 1223 Rue Charbonneau&nbsp; Smallville 549 000 $ R\u00e9sidentiel Condo 3 Bedrooms 2 Bathrooms 1 Powder room Visite libre 1045 rang [&hellip;]\" \/>\n<meta property=\"og:url\" content=\"https:\/\/quebec.c21.ca\/en\/office-details\/\" \/>\n<meta property=\"og:site_name\" content=\"Century 21 Qu\u00e9bec\" \/>\n<meta property=\"article:modified_time\" content=\"2021-09-07T18:04:46+00:00\" \/>\n<meta property=\"og:image\" content=\"https:\/\/blob.source.immo\/pic\/bro--arx9RWrO0-W8y49SrE3Mw-v3-sm.jpg\" \/>\n<meta name=\"twitter:card\" content=\"summary_large_image\" \/>\n<meta name=\"twitter:label1\" content=\"Est. reading time\" \/>\n\t<meta name=\"twitter:data1\" content=\"3 minutes\" \/>\n<script type=\"application\/ld+json\" class=\"yoast-schema-graph\">{\"@context\":\"https:\/\/schema.org\",\"@graph\":[{\"@type\":\"WebPage\",\"@id\":\"https:\/\/quebec.c21.ca\/en\/office-details\/\",\"url\":\"https:\/\/quebec.c21.ca\/en\/office-details\/\",\"name\":\"Office details - Century 21 Qu\u00e9bec\",\"isPartOf\":{\"@id\":\"https:\/\/quebec.c21.ca\/en\/#website\"},\"datePublished\":\"2021-06-04T12:29:29+00:00\",\"dateModified\":\"2021-09-07T18:04:46+00:00\",\"breadcrumb\":{\"@id\":\"https:\/\/quebec.c21.ca\/en\/office-details\/#breadcrumb\"},\"inLanguage\":\"en-US\",\"potentialAction\":[{\"@type\":\"ReadAction\",\"target\":[\"https:\/\/quebec.c21.ca\/en\/office-details\/\"]}]},{\"@type\":\"BreadcrumbList\",\"@id\":\"https:\/\/quebec.c21.ca\/en\/office-details\/#breadcrumb\",\"itemListElement\":[{\"@type\":\"ListItem\",\"position\":1,\"name\":\"Accueil\",\"item\":\"https:\/\/quebec.c21.ca\/en\/\"},{\"@type\":\"ListItem\",\"position\":2,\"name\":\"Office details\"}]},{\"@type\":\"WebSite\",\"@id\":\"https:\/\/quebec.c21.ca\/en\/#website\",\"url\":\"https:\/\/quebec.c21.ca\/en\/\",\"name\":\"Century 21 Qu\u00e9bec\",\"description\":\"\",\"publisher\":{\"@id\":\"https:\/\/quebec.c21.ca\/en\/#organization\"},\"potentialAction\":[{\"@type\":\"SearchAction\",\"target\":{\"@type\":\"EntryPoint\",\"urlTemplate\":\"https:\/\/quebec.c21.ca\/en\/?s={search_term_string}\"},\"query-input\":\"required name=search_term_string\"}],\"inLanguage\":\"en-US\"},{\"@type\":\"Organization\",\"@id\":\"https:\/\/quebec.c21.ca\/en\/#organization\",\"name\":\"Century 21 Qu\u00e9bec\",\"url\":\"https:\/\/quebec.c21.ca\/en\/\",\"logo\":{\"@type\":\"ImageObject\",\"inLanguage\":\"en-US\",\"@id\":\"https:\/\/quebec.c21.ca\/en\/#\/schema\/logo\/image\/\",\"url\":\"https:\/\/quebec.c21.ca\/wp-content\/uploads\/2025\/01\/C21_Quebec-1.png\",\"contentUrl\":\"https:\/\/quebec.c21.ca\/wp-content\/uploads\/2025\/01\/C21_Quebec-1.png\",\"width\":1000,\"height\":265,\"caption\":\"Century 21 Qu\u00e9bec\"},\"image\":{\"@id\":\"https:\/\/quebec.c21.ca\/en\/#\/schema\/logo\/image\/\"}}]}<\/script>\n<!-- \/ Yoast SEO plugin. -->","yoast_head_json":{"title":"Office details - Century 21 Qu\u00e9bec","robots":{"index":"index","follow":"follow","max-snippet":"max-snippet:-1","max-image-preview":"max-image-preview:large","max-video-preview":"max-video-preview:-1"},"canonical":"https:\/\/quebec.c21.ca\/en\/office-details\/","og_locale":"en_US","og_type":"article","og_title":"Office details - Century 21 Qu\u00e9bec","og_description":"2430 rue Smith, Grandville State, Country Single item part address Follow on Website Single item part links Envoyer un message 514.555.2100 Single item part contact Nos propri\u00e9t\u00e9s Notre \u00e9quipe Single item part tabs 5 propri\u00e9t\u00e9s 1223 Rue Charbonneau&nbsp; Smallville 549 000 $ R\u00e9sidentiel Condo 3 Bedrooms 2 Bathrooms 1 Powder room Visite libre 1045 rang [&hellip;]","og_url":"https:\/\/quebec.c21.ca\/en\/office-details\/","og_site_name":"Century 21 Qu\u00e9bec","article_modified_time":"2021-09-07T18:04:46+00:00","og_image":[{"url":"https:\/\/blob.source.immo\/pic\/bro--arx9RWrO0-W8y49SrE3Mw-v3-sm.jpg"}],"twitter_card":"summary_large_image","twitter_misc":{"Est. reading time":"3 minutes"},"schema":{"@context":"https:\/\/schema.org","@graph":[{"@type":"WebPage","@id":"https:\/\/quebec.c21.ca\/en\/office-details\/","url":"https:\/\/quebec.c21.ca\/en\/office-details\/","name":"Office details - Century 21 Qu\u00e9bec","isPartOf":{"@id":"https:\/\/quebec.c21.ca\/en\/#website"},"datePublished":"2021-06-04T12:29:29+00:00","dateModified":"2021-09-07T18:04:46+00:00","breadcrumb":{"@id":"https:\/\/quebec.c21.ca\/en\/office-details\/#breadcrumb"},"inLanguage":"en-US","potentialAction":[{"@type":"ReadAction","target":["https:\/\/quebec.c21.ca\/en\/office-details\/"]}]},{"@type":"BreadcrumbList","@id":"https:\/\/quebec.c21.ca\/en\/office-details\/#breadcrumb","itemListElement":[{"@type":"ListItem","position":1,"name":"Accueil","item":"https:\/\/quebec.c21.ca\/en\/"},{"@type":"ListItem","position":2,"name":"Office details"}]},{"@type":"WebSite","@id":"https:\/\/quebec.c21.ca\/en\/#website","url":"https:\/\/quebec.c21.ca\/en\/","name":"Century 21 Qu\u00e9bec","description":"","publisher":{"@id":"https:\/\/quebec.c21.ca\/en\/#organization"},"potentialAction":[{"@type":"SearchAction","target":{"@type":"EntryPoint","urlTemplate":"https:\/\/quebec.c21.ca\/en\/?s={search_term_string}"},"query-input":"required name=search_term_string"}],"inLanguage":"en-US"},{"@type":"Organization","@id":"https:\/\/quebec.c21.ca\/en\/#organization","name":"Century 21 Qu\u00e9bec","url":"https:\/\/quebec.c21.ca\/en\/","logo":{"@type":"ImageObject","inLanguage":"en-US","@id":"https:\/\/quebec.c21.ca\/en\/#\/schema\/logo\/image\/","url":"https:\/\/quebec.c21.ca\/wp-content\/uploads\/2025\/01\/C21_Quebec-1.png","contentUrl":"https:\/\/quebec.c21.ca\/wp-content\/uploads\/2025\/01\/C21_Quebec-1.png","width":1000,"height":265,"caption":"Century 21 Qu\u00e9bec"},"image":{"@id":"https:\/\/quebec.c21.ca\/en\/#\/schema\/logo\/image\/"}}]}},"_links":{"self":[{"href":"https:\/\/quebec.c21.ca\/en\/wp-json\/wp\/v2\/pages\/2047"}],"collection":[{"href":"https:\/\/quebec.c21.ca\/en\/wp-json\/wp\/v2\/pages"}],"about":[{"href":"https:\/\/quebec.c21.ca\/en\/wp-json\/wp\/v2\/types\/page"}],"author":[{"embeddable":true,"href":"https:\/\/quebec.c21.ca\/en\/wp-json\/wp\/v2\/users\/1"}],"replies":[{"embeddable":true,"href":"https:\/\/quebec.c21.ca\/en\/wp-json\/wp\/v2\/comments?post=2047"}],"version-history":[{"count":55,"href":"https:\/\/quebec.c21.ca\/en\/wp-json\/wp\/v2\/pages\/2047\/revisions"}],"predecessor-version":[{"id":2988,"href":"https:\/\/quebec.c21.ca\/en\/wp-json\/wp\/v2\/pages\/2047\/revisions\/2988"}],"wp:attachment":[{"href":"https:\/\/quebec.c21.ca\/en\/wp-json\/wp\/v2\/media?parent=2047"}],"curies":[{"name":"wp","href":"https:\/\/api.w.org\/{rel}","templated":true}]}}